{"id":15,"date":"2023-07-12T14:20:26","date_gmt":"2023-07-12T12:20:26","guid":{"rendered":"https:\/\/icem68.fr\/wp\/?page_id=15"},"modified":"2024-03-08T10:17:00","modified_gmt":"2024-03-08T09:17:00","slug":"qui-sommes-nous","status":"publish","type":"page","link":"https:\/\/icem68.fr\/index.php\/qui-sommes-nous\/","title":{"rendered":"Qui sommes-nous ?"},"content":{"rendered":"<h1>Gouvernance partag\u00e9e<\/h1>\n<ul>\n<li>Val\u00e9rie van Assche (secr\u00e9tariat)<\/li>\n<li>Claudine Braun (Revue Chantiers)<\/li>\n<li>Marie-Jo Eberlen<\/li>\n<li>Florence Ehret-Jenny<\/li>\n<li>Josiane Ferraretto (tr\u00e9sori\u00e8re, maquette de Chantiers et tirage des revues)<\/li>\n<li>H\u00e9l\u00e8ne Jannopoulo (secr\u00e9tariat)<\/li>\n<li>Florence Lavault<\/li>\n<li>Annie de Larochelambert (La Gerbe de textes libres)<\/li>\n<\/ul>\n<p>Contacter le conseil coll\u00e9gial<\/p>\n<p>&nbsp;<\/p>\n","protected":false},"excerpt":{"rendered":"","protected":false},"author":1,"featured_media":0,"parent":0,"menu_order":0,"comment_status":"closed","ping_status":"closed","template":"","meta":{"footnotes":""},"class_list":["post-15","page","type-page","status-publish","hentry"],"_links":{"self":[{"href":"https:\/\/icem68.fr\/index.php\/wp-json\/wp\/v2\/pages\/15","targetHints":{"allow":["GET"]}}],"collection":[{"href":"https:\/\/icem68.fr\/index.php\/wp-json\/wp\/v2\/pages"}],"about":[{"href":"https:\/\/icem68.fr\/index.php\/wp-json\/wp\/v2\/types\/page"}],"author":[{"embeddable":true,"href":"https:\/\/icem68.fr\/index.php\/wp-json\/wp\/v2\/users\/1"}],"replies":[{"embeddable":true,"href":"https:\/\/icem68.fr\/index.php\/wp-json\/wp\/v2\/comments?post=15"}],"version-history":[{"count":6,"href":"https:\/\/icem68.fr\/index.php\/wp-json\/wp\/v2\/pages\/15\/revisions"}],"predecessor-version":[{"id":139,"href":"https:\/\/icem68.fr\/index.php\/wp-json\/wp\/v2\/pages\/15\/revisions\/139"}],"wp:attachment":[{"href":"https:\/\/icem68.fr\/index.php\/wp-json\/wp\/v2\/media?parent=15"}],"curies":[{"name":"wp","href":"https:\/\/api.w.org\/{rel}","templated":true}]}}