{"id":22,"date":"2023-07-12T14:25:50","date_gmt":"2023-07-12T12:25:50","guid":{"rendered":"https:\/\/icem68.fr\/wp\/?page_id=22"},"modified":"2024-01-10T11:15:02","modified_gmt":"2024-01-10T10:15:02","slug":"quest-ce-que-licem","status":"publish","type":"page","link":"https:\/\/icem68.fr\/index.php\/qui-sommes-nous\/quest-ce-que-licem\/","title":{"rendered":"Qu&rsquo;est-ce que l&rsquo;ICEM ?"},"content":{"rendered":"<h2>Les statuts de l&rsquo;association<\/h2>\n<p><a href=\"https:\/\/icem68.fr\/documents\/StatutsICEM68.pdf\" target=\"_blank\" rel=\"noopener\">Les statuts <\/a>de l&rsquo;ICEM 68 (pdf)<\/p>\n<p>La charte de l&rsquo;ICEM<\/p>\n<p style=\"text-align: justify;\">\u00ab\u00a0(&#8230;) L&rsquo;\u00e9ducation est \u00e9panouissement et \u00e9l\u00e9vation et non accumulation de connaissances, dressage ou mise en condition.<\/p>\n<p style=\"text-align: justify;\">Dans cet esprit nous recherchons les techniques de travail et les outils, les modes d&rsquo;organisation et de vie, dans le cadre scolaire et social, qui permettront au maximum cet \u00e9panouissement et cette \u00e9l\u00e9vation.<\/p>\n<p style=\"text-align: justify;\">Soutenus par l&rsquo;\u0153uvre de C\u00e9lestin Freinet et forts de notre exp\u00e9rience, nous avons la certitude d&rsquo;influer sur le comportement des enfants qui seront les hommes de demain, mais \u00e9galement sur le comportement des \u00e9ducateurs appel\u00e9s \u00e0 jouer dans la soci\u00e9t\u00e9 un r\u00f4le nouveau. (&#8230;)\u00a0\u00bb<\/p>\n<p><a href=\"http:\/\/www.icem-freinet.fr\/archives\/ne\/ne\/120\/charte120-pdf.pdf\" target=\"_blank\" rel=\"noopener\">Lire la suite (pdf)<\/a><\/p>\n<p>&nbsp;<\/p>\n","protected":false},"excerpt":{"rendered":"","protected":false},"author":1,"featured_media":0,"parent":15,"menu_order":0,"comment_status":"closed","ping_status":"closed","template":"","meta":{"footnotes":""},"class_list":["post-22","page","type-page","status-publish","hentry"],"_links":{"self":[{"href":"https:\/\/icem68.fr\/index.php\/wp-json\/wp\/v2\/pages\/22","targetHints":{"allow":["GET"]}}],"collection":[{"href":"https:\/\/icem68.fr\/index.php\/wp-json\/wp\/v2\/pages"}],"about":[{"href":"https:\/\/icem68.fr\/index.php\/wp-json\/wp\/v2\/types\/page"}],"author":[{"embeddable":true,"href":"https:\/\/icem68.fr\/index.php\/wp-json\/wp\/v2\/users\/1"}],"replies":[{"embeddable":true,"href":"https:\/\/icem68.fr\/index.php\/wp-json\/wp\/v2\/comments?post=22"}],"version-history":[{"count":5,"href":"https:\/\/icem68.fr\/index.php\/wp-json\/wp\/v2\/pages\/22\/revisions"}],"predecessor-version":[{"id":233,"href":"https:\/\/icem68.fr\/index.php\/wp-json\/wp\/v2\/pages\/22\/revisions\/233"}],"up":[{"embeddable":true,"href":"https:\/\/icem68.fr\/index.php\/wp-json\/wp\/v2\/pages\/15"}],"wp:attachment":[{"href":"https:\/\/icem68.fr\/index.php\/wp-json\/wp\/v2\/media?parent=22"}],"curies":[{"name":"wp","href":"https:\/\/api.w.org\/{rel}","templated":true}]}}